{"id":2,"date":"2007-12-05T10:18:32","date_gmt":"2007-12-05T09:18:32","guid":{"rendered":"http:\/\/www.birnenpalme.de\/wp"},"modified":"2025-12-05T17:05:02","modified_gmt":"2025-12-05T16:05:02","slug":"eine-seite","status":"publish","type":"page","link":"https:\/\/www.birnenpalme.de\/wp\/","title":{"rendered":"Startseite"},"content":{"rendered":"<p>Liebe Lesende, willkommen unter meiner Birnenpalme!<\/p>\n<p>Seit 2008 besteht meine Oase f\u00fcr den Freigeist. Damals wollte ich einen Ruhepol schaffen, f\u00fcr K\u00f6pfe, die sich der Schnelllebigkeit zum Trotz Zeit nehmen f\u00fcr handverlesene Texte. Jenen f\u00fclle ich regelm\u00e4\u00dfig meine Seiten mit frischem Inhalt. Inzwischen finden sich hier einige hundert Titel &#8211; frei von Werbung und verwirrenden Pop-ups. Es w\u00fcrde mich freuen, wenn auch Sie zu denen geh\u00f6ren, die bei mir Einkehr suchen und verweilen m\u00f6chten.<\/p>\n<p>F\u00fcr R\u00fcckmeldungen bin ich stets offen. Jeder ist eingeladen, mir zu schreiben, was gef\u00e4llt oder st\u00f6rt. Fragen zu Inhalten werden gerne beantwortet. Ich w\u00fcnsche Ihnen viel Muse beim Lesen!<\/p>\n<p>Wolfgang Paul<\/p>\n<p>&nbsp;<\/p>\n<p>&nbsp;<\/p>\n","protected":false},"excerpt":{"rendered":"<p>Liebe Lesende, willkommen unter meiner Birnenpalme! Seit 2008 besteht meine Oase f\u00fcr den Freigeist. Damals wollte ich einen Ruhepol schaffen, f\u00fcr K\u00f6pfe, die sich der Schnelllebigkeit zum Trotz Zeit nehmen f\u00fcr handverlesene Texte. Jenen f\u00fclle ich regelm\u00e4\u00dfig meine Seiten mit frischem Inhalt. Inzwischen finden sich hier einige hundert Titel &#8211; frei von Werbung und verwirrenden [&hellip;]<\/p>\n","protected":false},"author":4,"featured_media":0,"parent":0,"menu_order":0,"comment_status":"closed","ping_status":"closed","template":"","meta":{"spay_email":"","footnotes":""},"class_list":["post-2","page","type-page","status-publish","hentry"],"jetpack_sharing_enabled":true,"jetpack_shortlink":"https:\/\/wp.me\/PaU4IK-2","_links":{"self":[{"href":"https:\/\/www.birnenpalme.de\/wp\/index.php?rest_route=\/wp\/v2\/pages\/2","targetHints":{"allow":["GET"]}}],"collection":[{"href":"https:\/\/www.birnenpalme.de\/wp\/index.php?rest_route=\/wp\/v2\/pages"}],"about":[{"href":"https:\/\/www.birnenpalme.de\/wp\/index.php?rest_route=\/wp\/v2\/types\/page"}],"author":[{"embeddable":true,"href":"https:\/\/www.birnenpalme.de\/wp\/index.php?rest_route=\/wp\/v2\/users\/4"}],"replies":[{"embeddable":true,"href":"https:\/\/www.birnenpalme.de\/wp\/index.php?rest_route=%2Fwp%2Fv2%2Fcomments&post=2"}],"version-history":[{"count":84,"href":"https:\/\/www.birnenpalme.de\/wp\/index.php?rest_route=\/wp\/v2\/pages\/2\/revisions"}],"predecessor-version":[{"id":3014,"href":"https:\/\/www.birnenpalme.de\/wp\/index.php?rest_route=\/wp\/v2\/pages\/2\/revisions\/3014"}],"wp:attachment":[{"href":"https:\/\/www.birnenpalme.de\/wp\/index.php?rest_route=%2Fwp%2Fv2%2Fmedia&parent=2"}],"curies":[{"name":"wp","href":"https:\/\/api.w.org\/{rel}","templated":true}]}}